{"id":577,"date":"2020-03-16T13:18:46","date_gmt":"2020-03-16T12:18:46","guid":{"rendered":"https:\/\/moulis-equestre.fr\/?page_id=577"},"modified":"2020-06-16T14:34:21","modified_gmt":"2020-06-16T12:34:21","slug":"solarium","status":"publish","type":"page","link":"https:\/\/moulis-equestre.fr\/?page_id=577","title":{"rendered":"Solarium"},"content":{"rendered":"<p>[vc_row][vc_column][vc_column_text]<\/p>\n<p style=\"text-align: center;\"><span style=\"color: #facca2;\"><strong>Ce produit est labellis\u00e9 par le p\u00f4le de comp\u00e9titivit\u00e9 Hippolia et a fait partie du Top Ten des troph\u00e9es de l&#8217;innovation au salon du cheval de Paris 2015.<br \/>\n<\/strong><\/span><\/p>\n<p>[\/vc_column_text][vc_empty_space height=&#8221;100px&#8221;][\/vc_column][\/vc_row][vc_row][vc_column width=&#8221;1\/4&#8243;][vc_single_image image=&#8221;835&#8243; img_size=&#8221;medium&#8221;][\/vc_column][vc_column width=&#8221;1\/2&#8243;][vc_column_text]<\/p>\n<p style=\"text-align: center;\"><span style=\"color: #facca2;\">Le solarium pour chevaux \u00e0 infra-rouges longs, utilisant la technologie plasma, permet de transmettre directement une chaleur douce et naturelle comparable aux rayons du soleil. Il permet d&#8217;optimiser la pr\u00e9paration du cheval avant l&#8217;effort, de le d\u00e9tendre apr\u00e8s l&#8217;effort et s&#8217;utilise pour s\u00e9cher le cheval apr\u00e8s l&#8217;avoir douch\u00e9.<br \/>\nLe confort procur\u00e9 par la technologie plasma est incomparable et les b\u00e9n\u00e9fices imm\u00e9diats.<br \/>\nDe plus, la consommation \u00e9lectrique de ce mod\u00e8le est tr\u00e8s faible.<br \/>\n<\/span><\/p>\n<p>[\/vc_column_text][\/vc_column][vc_column width=&#8221;1\/4&#8243;][vc_column_text]<\/p>\n<div class=\"foogallery foogallery-container foogallery-image-viewer foogallery-link-image foogallery-lightbox-foobox fg-center fg-image-viewer fg-light fg-border-thin fg-shadow-outline fg-loading-default fg-loaded-fade-in fg-caption-hover fg-hover-fade fg-hover-zoom fg-ready\" id=\"foogallery-gallery-829\" data-foogallery=\"{&quot;item&quot;:{&quot;showCaptionTitle&quot;:true,&quot;showCaptionDescription&quot;:true},&quot;lazy&quot;:true,&quot;src&quot;:&quot;data-src-fg&quot;,&quot;srcset&quot;:&quot;data-srcset-fg&quot;,&quot;template&quot;:{&quot;loop&quot;:true}}\" data-fg-common-fields=\"1\" >\r\n\t<div class=\"fiv-inner\">\r\n\t\t<div class=\"fiv-inner-container\">\r\n\t\t\t<div class=\"fg-item\"><figure class=\"fg-item-inner\"><a href=\"https:\/\/moulis-equestre.fr\/wp-content\/uploads\/2020\/04\/4cc03b5c-da96-4461-a59c-f20d1becf34c-2.jpg\" data-attachment-id=\"831\" class=\"fg-thumb\"><span class=\"fg-image-wrap\"><img width=\"640\" height=\"360\" data-src-fg=\"https:\/\/moulis-equestre.fr\/wp-content\/uploads\/cache\/2020\/04\/4cc03b5c-da96-4461-a59c-f20d1becf34c-2\/1705678437.jpg\" class=\"fg-image\" \/><\/span><\/a><figcaption class=\"fg-caption\"><div class=\"fg-caption-inner\"><\/div><\/figcaption><\/figure><div class=\"fg-loader\"><\/div><\/div><div class=\"fg-item\"><figure class=\"fg-item-inner\"><a href=\"https:\/\/moulis-equestre.fr\/wp-content\/uploads\/2020\/04\/040abb37-f5be-41f4-a990-5b83be630288-2.jpg\" data-attachment-id=\"832\" class=\"fg-thumb\"><span class=\"fg-image-wrap\"><img width=\"640\" height=\"360\" data-src-fg=\"https:\/\/moulis-equestre.fr\/wp-content\/uploads\/cache\/2020\/04\/040abb37-f5be-41f4-a990-5b83be630288-2\/3121289734.jpg\" class=\"fg-image\" \/><\/span><\/a><figcaption class=\"fg-caption\"><div class=\"fg-caption-inner\"><\/div><\/figcaption><\/figure><div class=\"fg-loader\"><\/div><\/div><div class=\"fg-item\"><figure class=\"fg-item-inner\"><a href=\"https:\/\/moulis-equestre.fr\/wp-content\/uploads\/2020\/04\/35400b74-be22-4c45-baf8-d123bb48e803-2.jpg\" data-attachment-id=\"833\" class=\"fg-thumb\"><span class=\"fg-image-wrap\"><img width=\"640\" height=\"360\" data-src-fg=\"https:\/\/moulis-equestre.fr\/wp-content\/uploads\/cache\/2020\/04\/35400b74-be22-4c45-baf8-d123bb48e803-2\/877844882.jpg\" class=\"fg-image\" \/><\/span><\/a><figcaption class=\"fg-caption\"><div class=\"fg-caption-inner\"><\/div><\/figcaption><\/figure><div class=\"fg-loader\"><\/div><\/div><div class=\"fg-item\"><figure class=\"fg-item-inner\"><a href=\"https:\/\/moulis-equestre.fr\/wp-content\/uploads\/2020\/04\/16298951_1219852591395755_4611088210296951469_n.jpg\" data-attachment-id=\"834\" class=\"fg-thumb\"><span class=\"fg-image-wrap\"><img width=\"640\" height=\"360\" data-src-fg=\"https:\/\/moulis-equestre.fr\/wp-content\/uploads\/cache\/2020\/04\/16298951_1219852591395755_4611088210296951469_n\/3921030570.jpg\" class=\"fg-image\" \/><\/span><\/a><figcaption class=\"fg-caption\"><div class=\"fg-caption-inner\"><\/div><\/figcaption><\/figure><div class=\"fg-loader\"><\/div><\/div><div class=\"fg-item\"><figure class=\"fg-item-inner\"><a href=\"https:\/\/moulis-equestre.fr\/wp-content\/uploads\/2020\/04\/IMG_0991-scaled.jpg\" data-attachment-id=\"835\" class=\"fg-thumb\"><span class=\"fg-image-wrap\"><img width=\"640\" height=\"360\" data-src-fg=\"https:\/\/moulis-equestre.fr\/wp-content\/uploads\/cache\/2020\/04\/IMG_0991-scaled\/2462612331.jpg\" class=\"fg-image\" \/><\/span><\/a><figcaption class=\"fg-caption\"><div class=\"fg-caption-inner\"><\/div><\/figcaption><\/figure><div class=\"fg-loader\"><\/div><\/div><div class=\"fg-item\"><figure class=\"fg-item-inner\"><a href=\"https:\/\/moulis-equestre.fr\/wp-content\/uploads\/2020\/04\/photos-d\u00e9c.2014-190.jpg\" data-attachment-id=\"838\" class=\"fg-thumb\"><span class=\"fg-image-wrap\"><img width=\"640\" height=\"360\" data-src-fg=\"https:\/\/moulis-equestre.fr\/wp-content\/uploads\/2020\/04\/photos-d\u00e9c.2014-190.jpg\" class=\"fg-image\" \/><\/span><\/a><figcaption class=\"fg-caption\"><div class=\"fg-caption-inner\"><\/div><\/figcaption><\/figure><div class=\"fg-loader\"><\/div><\/div><div class=\"fg-item\"><figure class=\"fg-item-inner\"><a href=\"https:\/\/moulis-equestre.fr\/wp-content\/uploads\/2020\/04\/solarium-chaines1.jpg\" data-attachment-id=\"839\" class=\"fg-thumb\"><span class=\"fg-image-wrap\"><img width=\"640\" height=\"360\" data-src-fg=\"https:\/\/moulis-equestre.fr\/wp-content\/uploads\/cache\/2020\/04\/solarium-chaines1\/699604702.jpg\" class=\"fg-image\" \/><\/span><\/a><figcaption class=\"fg-caption\"><div class=\"fg-caption-inner\"><\/div><\/figcaption><\/figure><div class=\"fg-loader\"><\/div><\/div>\t\t<\/div>\r\n\t\t<div class=\"fiv-ctrls\">\r\n\t\t\t<div class=\"fiv-prev\"><span>Pr\u00e9c<\/span><\/div>\r\n\t\t\t<label class=\"fiv-count\"><span class=\"fiv-count-current\">1<\/span>de<span class=\"fiv-count-total\">7<\/span><\/label>\r\n\t\t\t<div class=\"fiv-next\"><span>Suiv.<\/span><\/div>\r\n\t\t<\/div>\r\n\t<\/div>\r\n<\/div>\n<p>[\/vc_column_text][\/vc_column][\/vc_row][vc_row][vc_column width=&#8221;1\/3&#8243;][\/vc_column][vc_column width=&#8221;1\/3&#8243;][vc_btn title=&#8221;NOUS CONTACTER&#8221; style=&#8221;modern&#8221; shape=&#8221;rounded&#8221; color=&#8221;orange&#8221; size=&#8221;xl&#8221; align=&#8221;center&#8221; link=&#8221;url:https%3A%2F%2Fmoulis-equestre.fr%2F%23contactus|title:Nous%20contacter||&#8221;][\/vc_column][vc_column width=&#8221;1\/3&#8243;][\/vc_column][\/vc_row][vc_row][vc_column width=&#8221;1\/2&#8243;][\/vc_column][vc_column width=&#8221;1\/2&#8243;][\/vc_column][\/vc_row]<\/p>\n","protected":false},"excerpt":{"rendered":"<p>[vc_row][vc_column][vc_column_text] Ce produit est labellis\u00e9 par le p\u00f4le de comp\u00e9titivit\u00e9 Hippolia et a fait partie du Top Ten des troph\u00e9es de l&#8217;innovation au salon du cheval de Paris 2015. [\/vc_column_text][vc_empty_space height=&#8221;100px&#8221;][\/vc_column][\/vc_row][vc_row][vc_column width=&#8221;1\/4&#8243;][vc_single_image image=&#8221;835&#8243; img_size=&#8221;medium&#8221;][\/vc_column][vc_column width=&#8221;1\/2&#8243;][vc_column_text] Le solarium pour chevaux \u00e0 infra-rouges longs, utilisant la technologie plasma, permet de transmettre directement une chaleur douce et naturelle [&hellip;]<\/p>\n","protected":false},"author":4,"featured_media":0,"parent":258,"menu_order":0,"comment_status":"closed","ping_status":"closed","template":"","meta":{"_monsterinsights_skip_tracking":false,"_monsterinsights_sitenote_active":false,"_monsterinsights_sitenote_note":"","_monsterinsights_sitenote_category":0,"footnotes":""},"class_list":["post-577","page","type-page","status-publish","hentry"],"yoast_head":"<!-- This site is optimized with the Yoast SEO plugin v17.7.1 - https:\/\/yoast.com\/wordpress\/plugins\/seo\/ -->\n<title>Solarium - Moulis Equestre<\/title>\n<meta name=\"robots\" content=\"index, follow, max-snippet:-1, max-image-preview:large, max-video-preview:-1\" \/>\n<link rel=\"canonical\" href=\"https:\/\/moulis-equestre.fr\/?page_id=577\" \/>\n<meta property=\"og:locale\" content=\"fr_FR\" \/>\n<meta property=\"og:type\" content=\"article\" \/>\n<meta property=\"og:title\" content=\"Solarium - Moulis Equestre\" \/>\n<meta property=\"og:description\" content=\"[vc_row][vc_column][vc_column_text] Ce produit est labellis\u00e9 par le p\u00f4le de comp\u00e9titivit\u00e9 Hippolia et a fait partie du Top Ten des troph\u00e9es de l&#8217;innovation au salon du cheval de Paris 2015. [\/vc_column_text][vc_empty_space height=&#8221;100px&#8221;][\/vc_column][\/vc_row][vc_row][vc_column width=&#8221;1\/4&#8243;][vc_single_image image=&#8221;835&#8243; img_size=&#8221;medium&#8221;][\/vc_column][vc_column width=&#8221;1\/2&#8243;][vc_column_text] Le solarium pour chevaux \u00e0 infra-rouges longs, utilisant la technologie plasma, permet de transmettre directement une chaleur douce et naturelle [&hellip;]\" \/>\n<meta property=\"og:url\" content=\"https:\/\/moulis-equestre.fr\/?page_id=577\" \/>\n<meta property=\"og:site_name\" content=\"Moulis Equestre\" \/>\n<meta property=\"article:modified_time\" content=\"2020-06-16T12:34:21+00:00\" \/>\n<meta name=\"twitter:card\" content=\"summary_large_image\" \/>\n<meta name=\"twitter:label1\" content=\"Dur\u00e9e de lecture estim\u00e9e\" \/>\n\t<meta name=\"twitter:data1\" content=\"1 minute\" \/>\n<script type=\"application\/ld+json\" class=\"yoast-schema-graph\">{\"@context\":\"https:\/\/schema.org\",\"@graph\":[{\"@type\":\"WebSite\",\"@id\":\"https:\/\/moulis-equestre.fr\/#website\",\"url\":\"https:\/\/moulis-equestre.fr\/\",\"name\":\"Moulis Equestre\",\"description\":\"\",\"potentialAction\":[{\"@type\":\"SearchAction\",\"target\":{\"@type\":\"EntryPoint\",\"urlTemplate\":\"https:\/\/moulis-equestre.fr\/?s={search_term_string}\"},\"query-input\":\"required name=search_term_string\"}],\"inLanguage\":\"fr-FR\"},{\"@type\":\"WebPage\",\"@id\":\"https:\/\/moulis-equestre.fr\/?page_id=577#webpage\",\"url\":\"https:\/\/moulis-equestre.fr\/?page_id=577\",\"name\":\"Solarium - Moulis Equestre\",\"isPartOf\":{\"@id\":\"https:\/\/moulis-equestre.fr\/#website\"},\"datePublished\":\"2020-03-16T12:18:46+00:00\",\"dateModified\":\"2020-06-16T12:34:21+00:00\",\"breadcrumb\":{\"@id\":\"https:\/\/moulis-equestre.fr\/?page_id=577#breadcrumb\"},\"inLanguage\":\"fr-FR\",\"potentialAction\":[{\"@type\":\"ReadAction\",\"target\":[\"https:\/\/moulis-equestre.fr\/?page_id=577\"]}]},{\"@type\":\"BreadcrumbList\",\"@id\":\"https:\/\/moulis-equestre.fr\/?page_id=577#breadcrumb\",\"itemListElement\":[{\"@type\":\"ListItem\",\"position\":1,\"name\":\"Accueil\",\"item\":\"https:\/\/moulis-equestre.fr\/\"},{\"@type\":\"ListItem\",\"position\":2,\"name\":\"Produits\",\"item\":\"https:\/\/moulis-equestre.fr\/?page_id=258\"},{\"@type\":\"ListItem\",\"position\":3,\"name\":\"Solarium\"}]}]}<\/script>\n<!-- \/ Yoast SEO plugin. -->","yoast_head_json":{"title":"Solarium - Moulis Equestre","robots":{"index":"index","follow":"follow","max-snippet":"max-snippet:-1","max-image-preview":"max-image-preview:large","max-video-preview":"max-video-preview:-1"},"canonical":"https:\/\/moulis-equestre.fr\/?page_id=577","og_locale":"fr_FR","og_type":"article","og_title":"Solarium - Moulis Equestre","og_description":"[vc_row][vc_column][vc_column_text] Ce produit est labellis\u00e9 par le p\u00f4le de comp\u00e9titivit\u00e9 Hippolia et a fait partie du Top Ten des troph\u00e9es de l&#8217;innovation au salon du cheval de Paris 2015. [\/vc_column_text][vc_empty_space height=&#8221;100px&#8221;][\/vc_column][\/vc_row][vc_row][vc_column width=&#8221;1\/4&#8243;][vc_single_image image=&#8221;835&#8243; img_size=&#8221;medium&#8221;][\/vc_column][vc_column width=&#8221;1\/2&#8243;][vc_column_text] Le solarium pour chevaux \u00e0 infra-rouges longs, utilisant la technologie plasma, permet de transmettre directement une chaleur douce et naturelle [&hellip;]","og_url":"https:\/\/moulis-equestre.fr\/?page_id=577","og_site_name":"Moulis Equestre","article_modified_time":"2020-06-16T12:34:21+00:00","twitter_card":"summary_large_image","twitter_misc":{"Dur\u00e9e de lecture estim\u00e9e":"1 minute"},"schema":{"@context":"https:\/\/schema.org","@graph":[{"@type":"WebSite","@id":"https:\/\/moulis-equestre.fr\/#website","url":"https:\/\/moulis-equestre.fr\/","name":"Moulis Equestre","description":"","potentialAction":[{"@type":"SearchAction","target":{"@type":"EntryPoint","urlTemplate":"https:\/\/moulis-equestre.fr\/?s={search_term_string}"},"query-input":"required name=search_term_string"}],"inLanguage":"fr-FR"},{"@type":"WebPage","@id":"https:\/\/moulis-equestre.fr\/?page_id=577#webpage","url":"https:\/\/moulis-equestre.fr\/?page_id=577","name":"Solarium - Moulis Equestre","isPartOf":{"@id":"https:\/\/moulis-equestre.fr\/#website"},"datePublished":"2020-03-16T12:18:46+00:00","dateModified":"2020-06-16T12:34:21+00:00","breadcrumb":{"@id":"https:\/\/moulis-equestre.fr\/?page_id=577#breadcrumb"},"inLanguage":"fr-FR","potentialAction":[{"@type":"ReadAction","target":["https:\/\/moulis-equestre.fr\/?page_id=577"]}]},{"@type":"BreadcrumbList","@id":"https:\/\/moulis-equestre.fr\/?page_id=577#breadcrumb","itemListElement":[{"@type":"ListItem","position":1,"name":"Accueil","item":"https:\/\/moulis-equestre.fr\/"},{"@type":"ListItem","position":2,"name":"Produits","item":"https:\/\/moulis-equestre.fr\/?page_id=258"},{"@type":"ListItem","position":3,"name":"Solarium"}]}]}},"_links":{"self":[{"href":"https:\/\/moulis-equestre.fr\/index.php?rest_route=\/wp\/v2\/pages\/577","targetHints":{"allow":["GET"]}}],"collection":[{"href":"https:\/\/moulis-equestre.fr\/index.php?rest_route=\/wp\/v2\/pages"}],"about":[{"href":"https:\/\/moulis-equestre.fr\/index.php?rest_route=\/wp\/v2\/types\/page"}],"author":[{"embeddable":true,"href":"https:\/\/moulis-equestre.fr\/index.php?rest_route=\/wp\/v2\/users\/4"}],"replies":[{"embeddable":true,"href":"https:\/\/moulis-equestre.fr\/index.php?rest_route=%2Fwp%2Fv2%2Fcomments&post=577"}],"version-history":[{"count":8,"href":"https:\/\/moulis-equestre.fr\/index.php?rest_route=\/wp\/v2\/pages\/577\/revisions"}],"predecessor-version":[{"id":1314,"href":"https:\/\/moulis-equestre.fr\/index.php?rest_route=\/wp\/v2\/pages\/577\/revisions\/1314"}],"up":[{"embeddable":true,"href":"https:\/\/moulis-equestre.fr\/index.php?rest_route=\/wp\/v2\/pages\/258"}],"wp:attachment":[{"href":"https:\/\/moulis-equestre.fr\/index.php?rest_route=%2Fwp%2Fv2%2Fmedia&parent=577"}],"curies":[{"name":"wp","href":"https:\/\/api.w.org\/{rel}","templated":true}]}}